{"id":2,"date":"2010-11-26T10:47:24","date_gmt":"2010-11-26T10:47:24","guid":{"rendered":"http:\/\/www.rudi.nazwa.pl\/telex_new\/?page_id=2"},"modified":"2025-03-31T08:31:43","modified_gmt":"2025-03-31T08:31:43","slug":"informacje","status":"publish","type":"page","link":"https:\/\/www.zespoltelex.pl\/","title":{"rendered":"Strona g\u0142\u00f3wna"},"content":{"rendered":"<h3><span style=\"color: #c0c0c0;\"> Dzi\u0119ki naszemu zapa\u0142owi i umiej\u0119tno\u015bci\u0105 w prowadzeniu imprez wypracowali\u015bmy sobie w ci\u0105gu tych wielu lat miano jednego z najlepszych zespo\u0142\u00f3w graj\u0105cych muzyk\u0119 rozrywkow\u0105.<\/span><\/h3>\n<p><span style=\"color: #c0c0c0;\"><!--more--><br \/>\n<\/span><\/p>\n<h3>ngg_shortcode_0_placeholder<\/h3>\n<p>&nbsp;<\/p>\n<h3><span style=\"color: #c0c0c0;\">To co przede wszystkim wyr\u00f3\u017cnia nas spo\u015br\u00f3d setek innych zespo\u0142\u00f3w to do\u015bwiadczenie, profesjonalizm i pasja dzi\u0119ki czemu nasz zwyk\u0142y wyst\u0119p zmienia si\u0119 w niezapomniane prze\u017cycie.<\/span><\/h3>\n<p><span style=\"color: #c0c0c0;\">&nbsp;<\/span><\/p>\n","protected":false},"excerpt":{"rendered":"<p>Dzi\u0119ki naszemu zapa\u0142owi i umiej\u0119tno\u015bci\u0105 w prowadzeniu imprez wypracowali\u015bmy sobie w ci\u0105gu tych wielu lat miano jednego z najlepszych zespo\u0142\u00f3w graj\u0105cych muzyk\u0119 rozrywkow\u0105.<\/p>\n","protected":false},"author":1,"featured_media":0,"parent":0,"menu_order":10,"comment_status":"closed","ping_status":"closed","template":"","meta":{"ngg_post_thumbnail":0,"footnotes":""},"_links":{"self":[{"href":"https:\/\/www.zespoltelex.pl\/index.php?rest_route=\/wp\/v2\/pages\/2"}],"collection":[{"href":"https:\/\/www.zespoltelex.pl\/index.php?rest_route=\/wp\/v2\/pages"}],"about":[{"href":"https:\/\/www.zespoltelex.pl\/index.php?rest_route=\/wp\/v2\/types\/page"}],"author":[{"embeddable":true,"href":"https:\/\/www.zespoltelex.pl\/index.php?rest_route=\/wp\/v2\/users\/1"}],"replies":[{"embeddable":true,"href":"https:\/\/www.zespoltelex.pl\/index.php?rest_route=%2Fwp%2Fv2%2Fcomments&post=2"}],"version-history":[{"count":69,"href":"https:\/\/www.zespoltelex.pl\/index.php?rest_route=\/wp\/v2\/pages\/2\/revisions"}],"predecessor-version":[{"id":286,"href":"https:\/\/www.zespoltelex.pl\/index.php?rest_route=\/wp\/v2\/pages\/2\/revisions\/286"}],"wp:attachment":[{"href":"https:\/\/www.zespoltelex.pl\/index.php?rest_route=%2Fwp%2Fv2%2Fmedia&parent=2"}],"curies":[{"name":"wp","href":"https:\/\/api.w.org\/{rel}","templated":true}]}}