{"id":5,"date":"2010-11-27T09:43:52","date_gmt":"2010-11-27T09:43:52","guid":{"rendered":"http:\/\/www.rudi.nazwa.pl\/telex_new\/?page_id=5"},"modified":"2020-03-05T07:02:31","modified_gmt":"2020-03-05T07:02:31","slug":"o-nas","status":"publish","type":"page","link":"https:\/\/www.zespoltelex.pl\/?page_id=5","title":{"rendered":"O nas"},"content":{"rendered":"<h3><span style=\"color: #c0c0c0;\">Jeste\u015bmy zespo\u0142em muzycznym obs\u0142uguj\u0105cym wszelkie imprezy taneczne. Mamy ju\u017c za sob\u0105 wyst\u0119py zar\u00f3wno na kameralnych bankietach jak i na koncertach dla kilkutysi\u0119cznej widowni &#8211; na jednych i drugich jeste\u015bmy bezkonkurencyjni a publiczno\u015b\u0107 i organizatorzy s\u0105 z nas zawsze zadowoleni i cz\u0119sto zapraszaj\u0105 nas ponownie.<\/span><\/h3>\n<h3><span style=\"color: #c0c0c0;\"><br \/>\n<\/span><\/h3>\n<h3><span style=\"color: #c0c0c0;\">ngg_shortcode_0_placeholder<\/span><\/h3>\n<h3><span style=\"color: #c0c0c0;\">Posiadamy bardzo szeroki i niepowtarzalny repertuar. Gramy zar\u00f3wno utwory minionych lat jak i wsp\u00f3\u0142czesne, aktualnie g\u00f3ruj\u0105ce na listach przeboj\u00f3w. Specjalizujemy si\u0119 przede wszystkim w polskiej muzyce rozrywkowej, pocz\u0105wszy od lat 60-tych, sko\u0144czywszy na starannie wyselekcjonowanych przebojach wsp\u00f3\u0142czesnych. Ca\u0142y czas trzymamy r\u0119k\u0119 na pulsie rynku muzycznego i staramy si\u0119 by\u0107 na bie\u017c\u0105co ze wszystkimi nowo\u015bciami. Nasz repertuar zawiera ponad 400 utwor\u00f3w dzi\u0119ki czemu jeste\u015bmy przygotowani na ka\u017cde \u017cyczenie.<\/span><\/h3>\n","protected":false},"excerpt":{"rendered":"<p>Jeste\u015bmy zespo\u0142em muzycznym obs\u0142uguj\u0105cym wszelkie imprezy taneczne. Mamy ju\u017c za sob\u0105 wyst\u0119py zar\u00f3wno na kameralnych bankietach jak i na koncertach dla kilkutysi\u0119cznej widowni &#8211; na jednych i drugich jeste\u015bmy bezkonkurencyjni a publiczno\u015b\u0107 i organizatorzy s\u0105 z nas zawsze zadowoleni i cz\u0119sto zapraszaj\u0105 nas ponownie. Posiadamy bardzo szeroki i niepowtarzalny repertuar. Gramy zar\u00f3wno utwory minionych lat&#8230;<\/p>\n","protected":false},"author":1,"featured_media":0,"parent":0,"menu_order":2,"comment_status":"closed","ping_status":"open","template":"","meta":{"ngg_post_thumbnail":0,"footnotes":""},"_links":{"self":[{"href":"https:\/\/www.zespoltelex.pl\/index.php?rest_route=\/wp\/v2\/pages\/5"}],"collection":[{"href":"https:\/\/www.zespoltelex.pl\/index.php?rest_route=\/wp\/v2\/pages"}],"about":[{"href":"https:\/\/www.zespoltelex.pl\/index.php?rest_route=\/wp\/v2\/types\/page"}],"author":[{"embeddable":true,"href":"https:\/\/www.zespoltelex.pl\/index.php?rest_route=\/wp\/v2\/users\/1"}],"replies":[{"embeddable":true,"href":"https:\/\/www.zespoltelex.pl\/index.php?rest_route=%2Fwp%2Fv2%2Fcomments&post=5"}],"version-history":[{"count":39,"href":"https:\/\/www.zespoltelex.pl\/index.php?rest_route=\/wp\/v2\/pages\/5\/revisions"}],"predecessor-version":[{"id":52,"href":"https:\/\/www.zespoltelex.pl\/index.php?rest_route=\/wp\/v2\/pages\/5\/revisions\/52"}],"wp:attachment":[{"href":"https:\/\/www.zespoltelex.pl\/index.php?rest_route=%2Fwp%2Fv2%2Fmedia&parent=5"}],"curies":[{"name":"wp","href":"https:\/\/api.w.org\/{rel}","templated":true}]}}